{"id":305,"date":"2023-07-10T14:01:04","date_gmt":"2023-07-10T14:01:04","guid":{"rendered":"https:\/\/unitreorvieto.ddev.site\/?page_id=305"},"modified":"2025-05-07T13:52:31","modified_gmt":"2025-05-07T12:52:31","slug":"privacy-2","status":"publish","type":"page","link":"https:\/\/unitreorvieto.it\/?page_id=305","title":{"rendered":"Privacy"},"content":{"rendered":"\n<p><strong>Informativa ai sensi dell\u2019art. 13 del Regolamento Europeo 679\/2016<\/strong><\/p>\n\n\n\n<p>Ai sensi dell\u2019art. 13 del Regolamento Europeo 679\/2016 e in relazione ai dati personali di cui l\u2019Associazione entrer\u00e0 nella disponibilit\u00e0 con l&#8217;iscrizione dell&#8217;interessato, si comunica quanto segue:<\/p>\n\n\n\n<p><strong>Co-titolari del trattamento<\/strong><\/p>\n\n\n\n<p>Co-titolari del trattamento sono l\u2019UNITRE Sede di Orvieto<em>, <\/em>in persona del suo presidente pro tempore RICCARDO CAMBRI, con sede in Piazza del Popolo 17 &#8211; 05018 Orvieto e l\u2019ASSOCIAZIONE NAZIONALE DELLE UNIVERSIT\u00c0 DELLA TERZA ET\u00c0 &#8211; UNIVERSIT\u00c0 DELLE TRE ET\u00c0 &#8211; APS-ETS in persona del presidente pro tempore PIERCARLO ROVERA, con sede in Corso Francia 5 &#8211; 10138 Torino. <br>Per comunicare con i co-titolari del trattamento, l&#8217;interessato potr\u00e0 inviare lettera raccomandata agli indirizzi sopra specificati oppure un messaggio di posta elettronica rispettivamente a:<\/p>\n\n\n\n<ul class=\"wp-block-list\">\n<li><em>uni3-orvieto@alice.it<\/em><\/li>\n\n\n\n<li><em>unitre@unitre.net<\/em><\/li>\n<\/ul>\n\n\n\n<p><strong>Finalit\u00e0 del trattamento dei dati<\/strong><\/p>\n\n\n\n<p>I dati dell&#8217;interessato saranno trattati esclusivamente per consentire lo svolgimento del rapporto associativo e delle attivit\u00e0 istituzionali dell\u2019Associazione e, dunque, a titolo esemplificativo, per l\u2019invio di comunicazioni inerenti al calendario e al programma dei corsi ed alle ulteriori iniziative della Associazione, la convocazione di assemblee e riunioni degli organismi associativi, la registrazione del pagamento della quota associativa.<\/p>\n\n\n\n<p>I dati dell&#8217;interessato potranno, altres\u00ec, essere trattati per l\u2019adempimento di obblighi imposti dalla legge, in particolare in materia fiscale, contabile e assicurativa.<br>Il trattamento potr\u00e0 avvenire sia attraverso strumenti analogici sia attraverso dispositivi informatici, nei limiti strettamente necessari a far fronte alle finalit\u00e0 sopra indicate ed esclusivamente con modalit\u00e0 implicanti l\u2019intervento umano.<\/p>\n\n\n\n<p><strong>Fondamento giuridico del trattamento<\/strong><\/p>\n\n\n\n<p>Il trattamento dei dati \u00e8 effettuato nel rispetto del Regolamento, in quanto:<\/p>\n\n\n\n<ul class=\"wp-block-list\">\n<li>necessario per lo svolgimento del rapporto associativo, volontariamente costituito fra l&#8217;interessato e l\u2019Associazione;<\/li>\n\n\n\n<li>necessario per adempiere ad obblighi di legge;<\/li>\n\n\n\n<li>fondato sull&#8217;espresso consenso dell&#8217;interessato<\/li>\n<\/ul>\n\n\n\n<p><strong>Conseguenze del rifiuto di conferire i dati personali<br><\/strong>I dati richiesti risultano indispensabili per consentire lo svolgimento del rapporto associativo e per permettere all\u2019Associazione di adempiere ad obblighi stabiliti dalla legge. Pertanto, l&#8217;eventuale rifiuto di comunicare alla Associazione i dati richiesti sarebbe ostativo alla costituzione del rapporto associativo o alla sua prosecuzione.<\/p>\n\n\n\n<p><strong>Conservazione dei dati<\/strong><\/p>\n\n\n\n<p>I dati dell&#8217;interessato, oggetto di trattamento per le finalit\u00e0 sopra indicate, saranno conservati finch\u00e9 perdurer\u00e0 il rapporto associativo. Cessato il rapporto associativo, i dati resteranno conservati negli archivi della Associazione, per essere trattati esclusivamente ove necessario per adempiere ad obblighi imposti dalla legge.<\/p>\n\n\n\n<p><strong>Comunicazione e trasferimento dei dati<\/strong><\/p>\n\n\n\n<p>I dati dell&#8217;interessato potranno essere comunicati a:<\/p>\n\n\n\n<ul class=\"wp-block-list\">\n<li>consulenti dell\u2019Associazione che svolgano prestazioni funzionali ai fini sopra indicati;<\/li>\n\n\n\n<li>istituti bancari e assicurativi che svolgano prestazioni funzionali ai fini sopra indicati;<\/li>\n\n\n\n<li>autorit\u00e0 giudiziarie o amministrative per l\u2019adempimento degli obblighi di legge.<\/li>\n<\/ul>\n\n\n\n<p>Senza il l&#8217;esplicito consenso dell&#8217;interessato, i dati non saranno oggetto di trasferimento n\u00e9 in Stati membri dell\u2019Unione Europea n\u00e9 in Paesi terzi non appartenenti all\u2019Unione Europea.<strong>Profilazione e diffusione dei dati<\/strong>I Suoi dati non saranno soggetti n\u00e9 a diffusione n\u00e9 ad alcun processo decisionale interamente automatizzato, ivi compresa la profilazione.<\/p>\n\n\n\n<p><strong>Diritti dell\u2019interessato<\/strong><\/p>\n\n\n\n<p>In forza del Regolamento, l&#8217;interessato ha sempre diritto di:<\/p>\n\n\n\n<ul class=\"wp-block-list\">\n<li>chiedere all\u2019Associazione l\u2019accesso ai Suoi dati personali e alle informazioni relative agli stessi; la rettifica dei dati inesatti o l\u2019integrazione di quelli incompleti; la cancellazione dei dati personali che La riguardano (al verificarsi di una delle condizioni indicate nell\u2019art. 17 paragrafo 1 del Regolamento e nel rispetto delle eccezioni previste nel paragrafo 3 dello stesso articolo); la limitazione del trattamento dei Suoi dati personali (al ricorrere di una delle ipotesi indicate nell\u2019art. 18 paragrafo 1 del Regolamento);<\/li>\n\n\n\n<li>richiedere ed ottenere dall\u2019Associazione &#8211; nell\u2019ipotesi in cui il trattamento sia effettuato su base consensuale e in forma automatizzata &#8211; la restituzione dei Suoi dati personali in un formato strutturato e leggibile da dispositivo informatico, anche al fine di trasferire tali dati ad un altro titolare del trattamento (diritto alla portabilit\u00e0 dei dati personali);<\/li>\n\n\n\n<li>opporsi in qualsiasi momento al trattamento dei Suoi dati personali;<\/li>\n\n\n\n<li>revocare il consenso in qualsiasi momento, limitatamente alle ipotesi in cui il trattamento sia basato sul Suo consenso per una o pi\u00f9 specifiche finalit\u00e0 e riguardi dati personali comuni (ad esempio data e luogo di nascita o luogo di residenza), fermo restando che il trattamento basato sul Suo consenso ed effettuato antecedentemente alla revoca dello stesso conserva, comunque, la sua liceit\u00e0;<\/li>\n\n\n\n<li>proporre reclamo a un\u2019autorit\u00e0 di controllo (Garante per la protezione dei dati personali).<br><\/li>\n<\/ul>\n","protected":false},"excerpt":{"rendered":"<p>Informativa ai sensi dell\u2019art. 13 del Regolamento Europeo 679\/2016 Ai sensi dell\u2019art. 13 del Regolamento Europeo 679\/2016 e in relazione ai dati personali di cui l\u2019Associazione entrer\u00e0 nella disponibilit\u00e0 con l&#8217;iscrizione dell&#8217;interessato, si comunica quanto segue: Co-titolari del trattamento Co-titolari del trattamento sono l\u2019UNITRE Sede di Orvieto, in persona del suo presidente pro tempore RICCARDO&hellip;<\/p>\n","protected":false},"author":5,"featured_media":0,"parent":2574,"menu_order":3,"comment_status":"closed","ping_status":"closed","template":"","meta":{"om_disable_all_campaigns":false,"_monsterinsights_skip_tracking":false,"_monsterinsights_sitenote_active":false,"_monsterinsights_sitenote_note":"","_monsterinsights_sitenote_category":0,"footnotes":""},"class_list":["post-305","page","type-page","status-publish","format-standard","hentry"],"aioseo_notices":[],"_links":{"self":[{"href":"https:\/\/unitreorvieto.it\/index.php?rest_route=\/wp\/v2\/pages\/305","targetHints":{"allow":["GET"]}}],"collection":[{"href":"https:\/\/unitreorvieto.it\/index.php?rest_route=\/wp\/v2\/pages"}],"about":[{"href":"https:\/\/unitreorvieto.it\/index.php?rest_route=\/wp\/v2\/types\/page"}],"author":[{"embeddable":true,"href":"https:\/\/unitreorvieto.it\/index.php?rest_route=\/wp\/v2\/users\/5"}],"replies":[{"embeddable":true,"href":"https:\/\/unitreorvieto.it\/index.php?rest_route=%2Fwp%2Fv2%2Fcomments&post=305"}],"version-history":[{"count":2,"href":"https:\/\/unitreorvieto.it\/index.php?rest_route=\/wp\/v2\/pages\/305\/revisions"}],"predecessor-version":[{"id":811,"href":"https:\/\/unitreorvieto.it\/index.php?rest_route=\/wp\/v2\/pages\/305\/revisions\/811"}],"up":[{"embeddable":true,"href":"https:\/\/unitreorvieto.it\/index.php?rest_route=\/wp\/v2\/pages\/2574"}],"wp:attachment":[{"href":"https:\/\/unitreorvieto.it\/index.php?rest_route=%2Fwp%2Fv2%2Fmedia&parent=305"}],"curies":[{"name":"wp","href":"https:\/\/api.w.org\/{rel}","templated":true}]}}