{"id":708,"date":"2024-04-28T22:49:49","date_gmt":"2024-04-28T20:49:49","guid":{"rendered":"https:\/\/unitreorvieto.it\/?page_id=708"},"modified":"2025-09-15T19:44:27","modified_gmt":"2025-09-15T18:44:27","slug":"home","status":"publish","type":"page","link":"https:\/\/unitreorvieto.it\/","title":{"rendered":""},"content":{"rendered":"\n<figure class=\"wp-block-image size-full\"><img loading=\"lazy\" decoding=\"async\" width=\"1024\" height=\"232\" src=\"https:\/\/unitreorvieto.it\/wp-content\/uploads\/2025\/09\/costruzione-finale-vettoriale-APS-ETS-1024x232-1.png\" alt=\"\" class=\"wp-image-2981\" srcset=\"https:\/\/unitreorvieto.it\/wp-content\/uploads\/2025\/09\/costruzione-finale-vettoriale-APS-ETS-1024x232-1.png 1024w, https:\/\/unitreorvieto.it\/wp-content\/uploads\/2025\/09\/costruzione-finale-vettoriale-APS-ETS-1024x232-1-300x68.png 300w, https:\/\/unitreorvieto.it\/wp-content\/uploads\/2025\/09\/costruzione-finale-vettoriale-APS-ETS-1024x232-1-768x174.png 768w\" sizes=\"auto, (max-width: 1024px) 100vw, 1024px\" \/><\/figure>\n\n\n\n<div class=\"alignnormal\"><div id=\"metaslider-id-997\" style=\"width: 100%; margin: 0 auto;\" class=\"ml-slider-3-108-0 metaslider metaslider-flex metaslider-997 ml-slider hide-arrows-smartphone hide-arrows-tablet hide-navigation-smartphone hide-navigation-tablet ml-slider-lightbox-2-22-0 firelight-lightbox-2-3-19 ms-theme-default nav-hidden\" role=\"region\" aria-label=\"Slider HP\" data-height=\"230\" data-width=\"800\">\n    <div id=\"metaslider_container_997\">\n        <div id=\"metaslider_997\">\n            <ul class='slides'>\n                <li style=\"display: block; width: 100%;\" class=\"slide-2560 ms-image \" aria-roledescription=\"slide\" data-date=\"2025-05-04 21:50:05\" data-filename=\"2-800x230.jpg\" data-slide-type=\"image\"><a href=\"https:\/\/unitreorvieto.it\/wp-content\/uploads\/2025\/05\/2.jpg\" data-src=\"https:\/\/unitreorvieto.it\/wp-content\/uploads\/2025\/05\/2.jpg\" data-thumb=\"https:\/\/unitreorvieto.it\/wp-content\/uploads\/2025\/05\/2-800x230.jpg\" class=\"ml-lightbox-enabled\"><img loading=\"lazy\" decoding=\"async\" src=\"https:\/\/unitreorvieto.it\/wp-content\/uploads\/2025\/05\/2-800x230.jpg\" height=\"230\" width=\"800\" alt=\"\" class=\"slider-997 slide-2560 msDefaultImage\" title=\"2\" \/><\/a><div class=\"caption-wrap\"><div class=\"caption\"><p style=\"font-size:1.5rem;\"><strong>Inaugurazione di VOLANO HAIKU, mostra di poesie haiku (20\/03\/2025)<\/strong><\/p><\/div><\/div><\/li>\n                <li style=\"display: none; width: 100%;\" class=\"slide-2556 ms-image \" aria-roledescription=\"slide\" data-date=\"2025-05-04 21:46:12\" data-filename=\"Identita-e-destino-dellOccidente-2-800x230.jpg\" data-slide-type=\"image\"><a href=\"https:\/\/unitreorvieto.it\/wp-content\/uploads\/2025\/05\/Identita-e-destino-dellOccidente-2.jpg\" data-src=\"https:\/\/unitreorvieto.it\/wp-content\/uploads\/2025\/05\/Identita-e-destino-dellOccidente-2.jpg\" data-thumb=\"https:\/\/unitreorvieto.it\/wp-content\/uploads\/2025\/05\/Identita-e-destino-dellOccidente-2-800x230.jpg\" class=\"ml-lightbox-enabled\"><img loading=\"lazy\" decoding=\"async\" src=\"https:\/\/unitreorvieto.it\/wp-content\/uploads\/2025\/05\/Identita-e-destino-dellOccidente-2-800x230.jpg\" height=\"230\" width=\"800\" alt=\"\" class=\"slider-997 slide-2556 msDefaultImage\" title=\"Identita\u0300 e destino dell&#039;Occidente 2\" \/><\/a><div class=\"caption-wrap\"><div class=\"caption\"><p style=\"font-size:1.5rem;\"><strong>Identit\u00e0 e destino dell'occidente (10\/03\/2025)<\/strong><\/p><\/div><\/div><\/li>\n                <li style=\"display: none; width: 100%;\" class=\"slide-2559 ms-image \" aria-roledescription=\"slide\" data-date=\"2025-05-04 21:49:58\" data-filename=\"Brugnoli-Pollegioni_light-800x230.jpg\" data-slide-type=\"image\"><a href=\"https:\/\/unitreorvieto.it\/wp-content\/uploads\/2025\/05\/Brugnoli-Pollegioni_light.jpg\" data-src=\"https:\/\/unitreorvieto.it\/wp-content\/uploads\/2025\/05\/Brugnoli-Pollegioni_light.jpg\" data-thumb=\"https:\/\/unitreorvieto.it\/wp-content\/uploads\/2025\/05\/Brugnoli-Pollegioni_light-800x230.jpg\" class=\"ml-lightbox-enabled\"><img loading=\"lazy\" decoding=\"async\" src=\"https:\/\/unitreorvieto.it\/wp-content\/uploads\/2025\/05\/Brugnoli-Pollegioni_light-800x230.jpg\" height=\"230\" width=\"800\" alt=\"\" class=\"slider-997 slide-2559 msDefaultImage\" title=\"Brugnoli-Pollegioni_light\" \/><\/a><div class=\"caption-wrap\"><div class=\"caption\"><p style=\"font-size:1.5rem;\"><strong>Enrico Brugnoli e Paola Pollegioni (Cambiamento Globale e Transizione Ecologica, A.A. 2024\/25)<\/strong><\/p><\/div><\/div><\/li>\n                <li style=\"display: none; width: 100%;\" class=\"slide-2558 ms-image \" aria-roledescription=\"slide\" data-date=\"2025-05-04 21:49:50\" data-filename=\"Cambri_Barlozzetti-800x230.jpg\" data-slide-type=\"image\"><a href=\"https:\/\/unitreorvieto.it\/wp-content\/uploads\/2025\/05\/Cambri_Barlozzetti.jpg\" data-src=\"https:\/\/unitreorvieto.it\/wp-content\/uploads\/2025\/05\/Cambri_Barlozzetti.jpg\" data-thumb=\"https:\/\/unitreorvieto.it\/wp-content\/uploads\/2025\/05\/Cambri_Barlozzetti-800x230.jpg\" class=\"ml-lightbox-enabled\"><img loading=\"lazy\" decoding=\"async\" src=\"https:\/\/unitreorvieto.it\/wp-content\/uploads\/2025\/05\/Cambri_Barlozzetti-800x230.jpg\" height=\"230\" width=\"800\" alt=\"\" class=\"slider-997 slide-2558 msDefaultImage\" title=\"Cambri_Barlozzetti\" \/><\/a><div class=\"caption-wrap\"><div class=\"caption\"><p style=\"font-size:1.5rem;\"><strong>Prima la musica, poi le parole (03\/04\/2025)<\/strong><\/p><\/div><\/div><\/li>\n                <li style=\"display: none; width: 100%;\" class=\"slide-1899 ms-image \" aria-roledescription=\"slide\" data-date=\"2025-02-10 11:18:53\" data-filename=\"5-800x230.jpg\" data-slide-type=\"image\"><a href=\"https:\/\/unitreorvieto.it\/wp-content\/uploads\/2025\/02\/5.jpg\" data-src=\"https:\/\/unitreorvieto.it\/wp-content\/uploads\/2025\/02\/5.jpg\" data-thumb=\"https:\/\/unitreorvieto.it\/wp-content\/uploads\/2025\/02\/5-800x230.jpg\" class=\"ml-lightbox-enabled\"><img loading=\"lazy\" decoding=\"async\" src=\"https:\/\/unitreorvieto.it\/wp-content\/uploads\/2025\/02\/5-800x230.jpg\" height=\"230\" width=\"800\" alt=\"Presentazione attivit\u00e0 2024 (18-01-2024)\" class=\"slider-997 slide-1899 msDefaultImage\" title=\"&lt;p style=&quot;font-size: 1.5rem&quot;&gt;&lt;strong&gt;Presentazione attivit\u00e0 2024 (18-01-2024)\/strong&gt;&lt;\/p&gt;\" \/><\/a><div class=\"caption-wrap\"><div class=\"caption\"><p style=\"font-size:1.5rem;\"><strong>Presentazione attivit\u00e0 2024 (18-01-2024)<\/strong><\/p><\/div><\/div><\/li>\n                <li style=\"display: none; width: 100%;\" class=\"slide-1896 ms-image \" aria-roledescription=\"slide\" data-date=\"2025-02-10 11:18:53\" data-filename=\"2-800x230.jpg\" data-slide-type=\"image\"><a href=\"https:\/\/unitreorvieto.it\/wp-content\/uploads\/2025\/02\/2.jpg\" data-src=\"https:\/\/unitreorvieto.it\/wp-content\/uploads\/2025\/02\/2.jpg\" data-thumb=\"https:\/\/unitreorvieto.it\/wp-content\/uploads\/2025\/02\/2-800x230.jpg\" class=\"ml-lightbox-enabled\"><img loading=\"lazy\" decoding=\"async\" src=\"https:\/\/unitreorvieto.it\/wp-content\/uploads\/2025\/02\/2-800x230.jpg\" height=\"230\" width=\"800\" alt=\"\u201cVoli di pace\u201d (17-05-2024)\" class=\"slider-997 slide-1896 msDefaultImage\" \/><\/a><div class=\"caption-wrap\"><div class=\"caption\"><p style=\"font-size:1.5rem;\"><strong>\u201cVoli di pace\u201d (17-05-2024)<\/strong><\/p><\/div><\/div><\/li>\n                <li style=\"display: none; width: 100%;\" class=\"slide-1898 ms-image \" aria-roledescription=\"slide\" data-date=\"2025-02-10 11:18:53\" data-filename=\"4-800x230.jpg\" data-slide-type=\"image\"><a href=\"https:\/\/unitreorvieto.it\/wp-content\/uploads\/2025\/02\/4.jpg\" data-src=\"https:\/\/unitreorvieto.it\/wp-content\/uploads\/2025\/02\/4.jpg\" data-thumb=\"https:\/\/unitreorvieto.it\/wp-content\/uploads\/2025\/02\/4-800x230.jpg\" class=\"ml-lightbox-enabled\"><img loading=\"lazy\" decoding=\"async\" src=\"https:\/\/unitreorvieto.it\/wp-content\/uploads\/2025\/02\/4-800x230.jpg\" height=\"230\" width=\"800\" alt=\"\u201cItinerando, percorsi di viaggio e di riflessione\u201d (13-10-2024)\" class=\"slider-997 slide-1898 msDefaultImage\" title=\"&lt;p style=&quot;font-size: 1.5rem&quot;&gt;&lt;strong&gt;\u201cItinerando, percorsi di viaggio e di riflessione\u201d (13-10-2024)&lt;\/strong&gt;&lt;\/p&gt;\" \/><\/a><div class=\"caption-wrap\"><div class=\"caption\"><p style=\"font-size:1.5rem;\"><strong>\u201cItinerando, percorsi di viaggio e di riflessione\u201d (13-10-2024)<\/strong><\/p><\/div><\/div><\/li>\n                <li style=\"display: none; width: 100%;\" class=\"slide-1014 ms-image \" aria-roledescription=\"slide\" data-date=\"2024-05-21 23:19:13\" data-filename=\"2-scaled-1-800x230.jpeg\" data-slide-type=\"image\"><a href=\"https:\/\/unitreorvieto.it\/wp-content\/uploads\/2024\/05\/2-scaled-1.jpeg\" data-src=\"https:\/\/unitreorvieto.it\/wp-content\/uploads\/2024\/05\/2-scaled-1.jpeg\" data-thumb=\"https:\/\/unitreorvieto.it\/wp-content\/uploads\/2024\/05\/2-scaled-1-800x230.jpeg\" class=\"ml-lightbox-enabled\"><img loading=\"lazy\" decoding=\"async\" src=\"https:\/\/unitreorvieto.it\/wp-content\/uploads\/2024\/05\/2-scaled-1-800x230.jpeg\" height=\"230\" width=\"800\" alt=\"Inaugurazione Anno Accademico 2019\/2020\" class=\"slider-997 slide-1014 msDefaultImage\" \/><\/a><div class=\"caption-wrap\"><div class=\"caption\"><p style=\"font-size:1.5rem;\"><strong>Inaugurazione Anno Accademico 2019\/2020<\/strong><\/p><\/div><\/div><\/li>\n                <li style=\"display: none; width: 100%;\" class=\"slide-2555 ms-image \" aria-roledescription=\"slide\" data-date=\"2025-05-04 21:45:14\" data-filename=\"Teatro-Carmine-800x230.jpg\" data-slide-type=\"image\"><a href=\"https:\/\/unitreorvieto.it\/wp-content\/uploads\/2025\/05\/Teatro-Carmine.jpg\" data-src=\"https:\/\/unitreorvieto.it\/wp-content\/uploads\/2025\/05\/Teatro-Carmine.jpg\" data-thumb=\"https:\/\/unitreorvieto.it\/wp-content\/uploads\/2025\/05\/Teatro-Carmine-800x230.jpg\" class=\"ml-lightbox-enabled\"><img loading=\"lazy\" decoding=\"async\" src=\"https:\/\/unitreorvieto.it\/wp-content\/uploads\/2025\/05\/Teatro-Carmine-800x230.jpg\" height=\"230\" width=\"800\" alt=\"\" class=\"slider-997 slide-2555 msDefaultImage\" title=\"Teatro Carmine\" \/><\/a><div class=\"caption-wrap\"><div class=\"caption\"><p style=\"font-size:1.5rem;\"><strong>Teatro del Carmine, Orvieto<\/strong><\/p><\/div><\/div><\/li>\n                <li style=\"display: none; width: 100%;\" class=\"slide-2557 ms-image \" aria-roledescription=\"slide\" data-date=\"2025-05-04 21:49:43\" data-filename=\"Concerto-per-Alba-800x230.jpg\" data-slide-type=\"image\"><a href=\"https:\/\/unitreorvieto.it\/wp-content\/uploads\/2025\/05\/Concerto-per-Alba.jpg\" data-src=\"https:\/\/unitreorvieto.it\/wp-content\/uploads\/2025\/05\/Concerto-per-Alba.jpg\" data-thumb=\"https:\/\/unitreorvieto.it\/wp-content\/uploads\/2025\/05\/Concerto-per-Alba-800x230.jpg\" class=\"ml-lightbox-enabled\"><img loading=\"lazy\" decoding=\"async\" src=\"https:\/\/unitreorvieto.it\/wp-content\/uploads\/2025\/05\/Concerto-per-Alba-800x230.jpg\" height=\"230\" width=\"800\" alt=\"\" class=\"slider-997 slide-2557 msDefaultImage\" title=\"Concerto per Alba\" \/><\/a><div class=\"caption-wrap\"><div class=\"caption\"><p style=\"font-size:1.5rem;\"><strong>Piccolo Concerto di Santa Cecilia (20\/11\/2016)<\/strong><\/p><\/div><\/div><\/li>\n            <\/ul>\n        <\/div>\n        \n    <\/div>\n<\/div><\/div>\n\n\n\n<div class=\"wp-block-query alignfull is-layout-flow wp-block-query-is-layout-flow\">\n<div class=\"wp-block-group alignfull\" style=\"padding-top:var(--wp--preset--spacing--40);padding-right:var(--wp--preset--spacing--40);padding-bottom:var(--wp--preset--spacing--40);padding-left:var(--wp--preset--spacing--40)\"><div class=\"wp-block-group__inner-container is-layout-flow wp-block-group-is-layout-flow\"><ul style=\"text-transform:none;\" class=\"wp-block-post-template is-layout-flow wp-block-post-template-is-layout-flow\"><li class=\"wp-block-post post-3527 post type-post status-publish format-standard has-post-thumbnail hentry category-eventi-e-conferenze\">\n\n<div class=\"wp-block-group is-content-justification-left\"><div class=\"wp-block-group__inner-container is-layout-constrained wp-container-core-group-is-layout-b4bdc4c8 wp-block-group-is-layout-constrained\">\n<div class=\"wp-block-group has-small-font-size is-horizontal is-content-justification-left is-layout-flex wp-container-core-group-is-layout-89f75985 wp-block-group-is-layout-flex\" style=\"padding-bottom:var(--wp--preset--spacing--80)\">\n<div class=\"wp-block-group\" style=\"margin-top:0;margin-bottom:0\"><div class=\"wp-block-group__inner-container is-layout-constrained wp-block-group-is-layout-constrained\"><h3 style=\"font-size:2.6rem;font-style:normal;font-weight:700;line-height:1;\" class=\"has-text-align-left has-link-color wp-elements-c7d8e8c1a93d1ce97171dc1df1f10dc7 wp-block-post-title has-text-color has-contrast-color\"><a href=\"https:\/\/unitreorvieto.it\/?p=3527\" target=\"_self\" >FRANCESCA COMPAGNUCCI AFFRONTA GLI STILI LETTERARI DI MANZONI E LEOPARDI<\/a><\/h3>\n\n<div style=\"font-size:1.1em;line-height:1.7;text-transform:none;letter-spacing:2px;\" class=\"has-link-color wp-elements-a7de9a6277fd79de2f9dba14442f9374 wp-block-post-excerpt has-text-color has-black-color\"><p class=\"wp-block-post-excerpt__excerpt\">La Professoressa Francesca Compagnucci presenta &#8220;Nello stile di&#8230;&#8221;, un laboratorio didattico-letterario dell&#8217;UNITRE Orvieto dedicato all&#8217;analisi espressiva e tecnica di Manzoni e Leopardi. Attraverso due incontri teorico-pratici a Palazzo Simoncelli, i partecipanti esploreranno gli stilemi dei due grandi autori del Romanticismo per stimolare la propria creativit\u00e0.<\/p><p class=\"wp-block-post-excerpt__more-text\"><a class=\"wp-block-post-excerpt__more-link\" href=\"https:\/\/unitreorvieto.it\/?p=3527\"><br><em><strong>Leggi tutto<\/strong><\/em><\/a><\/p><\/div><\/div><\/div>\n\n\n\n<hr class=\"wp-block-separator has-text-color has-cyan-bluish-gray-color has-alpha-channel-opacity has-cyan-bluish-gray-background-color has-background\"\/>\n<\/div>\n<\/div><\/div>\n\n<\/li><li class=\"wp-block-post post-3520 post type-post status-publish format-standard has-post-thumbnail hentry category-eventi-e-conferenze\">\n\n<div class=\"wp-block-group is-content-justification-left\"><div class=\"wp-block-group__inner-container is-layout-constrained wp-container-core-group-is-layout-b4bdc4c8 wp-block-group-is-layout-constrained\">\n<div class=\"wp-block-group has-small-font-size is-horizontal is-content-justification-left is-layout-flex wp-container-core-group-is-layout-89f75985 wp-block-group-is-layout-flex\" style=\"padding-bottom:var(--wp--preset--spacing--80)\">\n<div class=\"wp-block-group\" style=\"margin-top:0;margin-bottom:0\"><div class=\"wp-block-group__inner-container is-layout-constrained wp-block-group-is-layout-constrained\"><h3 style=\"font-size:2.6rem;font-style:normal;font-weight:700;line-height:1;\" class=\"has-text-align-left has-link-color wp-elements-c7d8e8c1a93d1ce97171dc1df1f10dc7 wp-block-post-title has-text-color has-contrast-color\"><a href=\"https:\/\/unitreorvieto.it\/?p=3520\" target=\"_self\" >CAMBIO DATA PER IL PRIMO APPUNTAMENTO DI ON POINT<\/a><\/h3>\n\n<div style=\"font-size:1.1em;line-height:1.7;text-transform:none;letter-spacing:2px;\" class=\"has-link-color wp-elements-a7de9a6277fd79de2f9dba14442f9374 wp-block-post-excerpt has-text-color has-black-color\"><p class=\"wp-block-post-excerpt__excerpt\">L&#8217;incontro &#8220;Creare video con l\u2019Intelligenza Artificiale&#8221;, in programma per domani Mercoled\u00ec 22 Aprile, \u00e8 rinviato a Gioved\u00ec 30 Aprile, sempre a Palazzo Negroni (Piazza Corsica 2, Orvieto) ed alle ore 15:30.<\/p><p class=\"wp-block-post-excerpt__more-text\"><a class=\"wp-block-post-excerpt__more-link\" href=\"https:\/\/unitreorvieto.it\/?p=3520\"><br><em><strong>Leggi tutto<\/strong><\/em><\/a><\/p><\/div><\/div><\/div>\n\n\n\n<hr class=\"wp-block-separator has-text-color has-cyan-bluish-gray-color has-alpha-channel-opacity has-cyan-bluish-gray-background-color has-background\"\/>\n<\/div>\n<\/div><\/div>\n\n<\/li><li class=\"wp-block-post post-3515 post type-post status-publish format-standard has-post-thumbnail hentry category-eventi-e-conferenze\">\n\n<div class=\"wp-block-group is-content-justification-left\"><div class=\"wp-block-group__inner-container is-layout-constrained wp-container-core-group-is-layout-b4bdc4c8 wp-block-group-is-layout-constrained\">\n<div class=\"wp-block-group has-small-font-size is-horizontal is-content-justification-left is-layout-flex wp-container-core-group-is-layout-89f75985 wp-block-group-is-layout-flex\" style=\"padding-bottom:var(--wp--preset--spacing--80)\">\n<div class=\"wp-block-group\" style=\"margin-top:0;margin-bottom:0\"><div class=\"wp-block-group__inner-container is-layout-constrained wp-block-group-is-layout-constrained\"><h3 style=\"font-size:2.6rem;font-style:normal;font-weight:700;line-height:1;\" class=\"has-text-align-left has-link-color wp-elements-c7d8e8c1a93d1ce97171dc1df1f10dc7 wp-block-post-title has-text-color has-contrast-color\"><a href=\"https:\/\/unitreorvieto.it\/?p=3515\" target=\"_self\" >Progetto \u201cOn Point\u201d: corsi digitali per Unitre e cittadini<\/a><\/h3>\n\n<div style=\"font-size:1.1em;line-height:1.7;text-transform:none;letter-spacing:2px;\" class=\"has-link-color wp-elements-a7de9a6277fd79de2f9dba14442f9374 wp-block-post-excerpt has-text-color has-black-color\"><p class=\"wp-block-post-excerpt__excerpt\">La Fondazione CSCO presenta &#8220;On Point&#8221;, quattro incontri gratuiti a Orvieto dedicati a IA, sicurezza e video making. Un percorso pratico aperto a soci UNITRE e cittadini per padroneggiare gli strumenti della trasformazione digitale.<\/p><p class=\"wp-block-post-excerpt__more-text\"><a class=\"wp-block-post-excerpt__more-link\" href=\"https:\/\/unitreorvieto.it\/?p=3515\"><br><em><strong>Leggi tutto<\/strong><\/em><\/a><\/p><\/div><\/div><\/div>\n\n\n\n<hr class=\"wp-block-separator has-text-color has-cyan-bluish-gray-color has-alpha-channel-opacity has-cyan-bluish-gray-background-color has-background\"\/>\n<\/div>\n<\/div><\/div>\n\n<\/li><li class=\"wp-block-post post-3510 post type-post status-publish format-standard has-post-thumbnail hentry category-eventi-e-conferenze\">\n\n<div class=\"wp-block-group is-content-justification-left\"><div class=\"wp-block-group__inner-container is-layout-constrained wp-container-core-group-is-layout-b4bdc4c8 wp-block-group-is-layout-constrained\">\n<div class=\"wp-block-group has-small-font-size is-horizontal is-content-justification-left is-layout-flex wp-container-core-group-is-layout-89f75985 wp-block-group-is-layout-flex\" style=\"padding-bottom:var(--wp--preset--spacing--80)\">\n<div class=\"wp-block-group\" style=\"margin-top:0;margin-bottom:0\"><div class=\"wp-block-group__inner-container is-layout-constrained wp-block-group-is-layout-constrained\"><h3 style=\"font-size:2.6rem;font-style:normal;font-weight:700;line-height:1;\" class=\"has-text-align-left has-link-color wp-elements-c7d8e8c1a93d1ce97171dc1df1f10dc7 wp-block-post-title has-text-color has-contrast-color\"><a href=\"https:\/\/unitreorvieto.it\/?p=3510\" target=\"_self\" >\u201cMILONGA DEL \u00c1NGEL\u201d: AL RIDOTTO DEL MANCINELLI, DOPPIO APPUNTAMENTO DEDICATO A GARDEL E PIAZZOLLA<\/a><\/h3>\n\n<div style=\"font-size:1.1em;line-height:1.7;text-transform:none;letter-spacing:2px;\" class=\"has-link-color wp-elements-a7de9a6277fd79de2f9dba14442f9374 wp-block-post-excerpt has-text-color has-black-color\"><p class=\"wp-block-post-excerpt__excerpt\">Domenica 19 aprile il Ridotto del Teatro Mancinelli ospita &#8220;Milonga Del \u00c1ngel&#8221;, racconto in musica tra Gardel e Piazzolla prodotto da UNITRE Orvieto. Un evento benefico a favore della Croce Rossa che intreccia storia e note per celebrare l&#8217;anima autentica del tango argentino.<\/p><p class=\"wp-block-post-excerpt__more-text\"><a class=\"wp-block-post-excerpt__more-link\" href=\"https:\/\/unitreorvieto.it\/?p=3510\"><br><em><strong>Leggi tutto<\/strong><\/em><\/a><\/p><\/div><\/div><\/div>\n\n\n\n<hr class=\"wp-block-separator has-text-color has-cyan-bluish-gray-color has-alpha-channel-opacity has-cyan-bluish-gray-background-color has-background\"\/>\n<\/div>\n<\/div><\/div>\n\n<\/li><li class=\"wp-block-post post-3504 post type-post status-publish format-standard has-post-thumbnail hentry category-eventi-e-conferenze\">\n\n<div class=\"wp-block-group is-content-justification-left\"><div class=\"wp-block-group__inner-container is-layout-constrained wp-container-core-group-is-layout-b4bdc4c8 wp-block-group-is-layout-constrained\">\n<div class=\"wp-block-group has-small-font-size is-horizontal is-content-justification-left is-layout-flex wp-container-core-group-is-layout-89f75985 wp-block-group-is-layout-flex\" style=\"padding-bottom:var(--wp--preset--spacing--80)\">\n<div class=\"wp-block-group\" style=\"margin-top:0;margin-bottom:0\"><div class=\"wp-block-group__inner-container is-layout-constrained wp-block-group-is-layout-constrained\"><h3 style=\"font-size:2.6rem;font-style:normal;font-weight:700;line-height:1;\" class=\"has-text-align-left has-link-color wp-elements-c7d8e8c1a93d1ce97171dc1df1f10dc7 wp-block-post-title has-text-color has-contrast-color\"><a href=\"https:\/\/unitreorvieto.it\/?p=3504\" target=\"_self\" >DIALOGARE PER EDUCARE: RIFLESSIONI E STRUMENTI<\/a><\/h3>\n\n<div style=\"font-size:1.1em;line-height:1.7;text-transform:none;letter-spacing:2px;\" class=\"has-link-color wp-elements-a7de9a6277fd79de2f9dba14442f9374 wp-block-post-excerpt has-text-color has-black-color\"><p class=\"wp-block-post-excerpt__excerpt\">L&#8217;incontro &#8220;Dialogare per educare&#8221;, in programma il 14 aprile a Orvieto, esplora il dialogo come strumento di connessione emotiva e crescita relazionale tra adulti e giovani. Attraverso il confronto tra esperti di psicologia e istruzione, l&#8217;evento offre a genitori ed educatori riflessioni e strumenti pratici per valorizzare l&#8217;ascolto nella formazione delle nuove generazioni.<\/p><p class=\"wp-block-post-excerpt__more-text\"><a class=\"wp-block-post-excerpt__more-link\" href=\"https:\/\/unitreorvieto.it\/?p=3504\"><br><em><strong>Leggi tutto<\/strong><\/em><\/a><\/p><\/div><\/div><\/div>\n\n\n\n<hr class=\"wp-block-separator has-text-color has-cyan-bluish-gray-color has-alpha-channel-opacity has-cyan-bluish-gray-background-color has-background\"\/>\n<\/div>\n<\/div><\/div>\n\n<\/li><li class=\"wp-block-post post-3498 post type-post status-publish format-standard has-post-thumbnail hentry category-eventi-e-conferenze\">\n\n<div class=\"wp-block-group is-content-justification-left\"><div class=\"wp-block-group__inner-container is-layout-constrained wp-container-core-group-is-layout-b4bdc4c8 wp-block-group-is-layout-constrained\">\n<div class=\"wp-block-group has-small-font-size is-horizontal is-content-justification-left is-layout-flex wp-container-core-group-is-layout-89f75985 wp-block-group-is-layout-flex\" style=\"padding-bottom:var(--wp--preset--spacing--80)\">\n<div class=\"wp-block-group\" style=\"margin-top:0;margin-bottom:0\"><div class=\"wp-block-group__inner-container is-layout-constrained wp-block-group-is-layout-constrained\"><h3 style=\"font-size:2.6rem;font-style:normal;font-weight:700;line-height:1;\" class=\"has-text-align-left has-link-color wp-elements-c7d8e8c1a93d1ce97171dc1df1f10dc7 wp-block-post-title has-text-color has-contrast-color\"><a href=\"https:\/\/unitreorvieto.it\/?p=3498\" target=\"_self\" >ROBERTA COTIGNI E NOEMI MORELLI ALL\u2019UNITRE, PER LA FOTOGRAFIA \u201cON THE ROAD&#8221;<\/a><\/h3>\n\n<div style=\"font-size:1.1em;line-height:1.7;text-transform:none;letter-spacing:2px;\" class=\"has-link-color wp-elements-a7de9a6277fd79de2f9dba14442f9374 wp-block-post-excerpt has-text-color has-black-color\"><p class=\"wp-block-post-excerpt__excerpt\">Il Laboratorio di Fotografia UNITRE Orvieto torna con l&#8217;edizione 2025\/26, curata dalle professioniste Roberta Cotigni e Noemi Morelli tra lezioni teoriche e sessioni pratiche &#8220;on the road&#8221;. Un percorso creativo aperto a ogni tipo di fotocamera per catturare la bellezza della citt\u00e0, riservato agli associati e in partenza il 20 aprile.<\/p><p class=\"wp-block-post-excerpt__more-text\"><a class=\"wp-block-post-excerpt__more-link\" href=\"https:\/\/unitreorvieto.it\/?p=3498\"><br><em><strong>Leggi tutto<\/strong><\/em><\/a><\/p><\/div><\/div><\/div>\n\n\n\n<hr class=\"wp-block-separator has-text-color has-cyan-bluish-gray-color has-alpha-channel-opacity has-cyan-bluish-gray-background-color has-background\"\/>\n<\/div>\n<\/div><\/div>\n\n<\/li><\/ul><\/div><\/div>\n\n\n\n<div class=\"wp-block-group has-small-font-size is-content-justification-left\" style=\"margin-top:0;margin-bottom:0;padding-top:0;padding-right:var(--wp--preset--spacing--40);padding-bottom:var(--wp--preset--spacing--40);padding-left:var(--wp--preset--spacing--40)\"><div class=\"wp-block-group__inner-container is-layout-constrained wp-container-core-group-is-layout-4f3b647b wp-block-group-is-layout-constrained\"><nav class=\"aligncenter wp-block-query-pagination has-small-font-size is-horizontal is-content-justification-space-between is-nowrap is-layout-flex wp-container-core-query-pagination-is-layout-b493c794 wp-block-query-pagination-is-layout-flex\" aria-label=\"Paginazione\">\n\n\n<a href=\"\/index.php?rest_route=%2Fwp%2Fv2%2Fpages%2F708&#038;query-31-page=2\" style=\"text-transform:uppercase;letter-spacing:1px;\" class=\"wp-elements-f2aa6b79d1e32819a4f4295d3dd47e9f wp-block-query-pagination-next has-small-font-size\">Pagina successiva<span class='wp-block-query-pagination-next-arrow is-arrow-arrow' aria-hidden='true'>\u2192<\/span><\/a>\n<\/nav><\/div><\/div>\n<\/div>\n","protected":false},"excerpt":{"rendered":"","protected":false},"author":5,"featured_media":0,"parent":0,"menu_order":1,"comment_status":"closed","ping_status":"closed","template":"","meta":{"om_disable_all_campaigns":false,"_monsterinsights_skip_tracking":false,"_monsterinsights_sitenote_active":false,"_monsterinsights_sitenote_note":"","_monsterinsights_sitenote_category":0,"footnotes":""},"class_list":["post-708","page","type-page","status-publish","format-standard","hentry"],"aioseo_notices":[],"_links":{"self":[{"href":"https:\/\/unitreorvieto.it\/index.php?rest_route=\/wp\/v2\/pages\/708","targetHints":{"allow":["GET"]}}],"collection":[{"href":"https:\/\/unitreorvieto.it\/index.php?rest_route=\/wp\/v2\/pages"}],"about":[{"href":"https:\/\/unitreorvieto.it\/index.php?rest_route=\/wp\/v2\/types\/page"}],"author":[{"embeddable":true,"href":"https:\/\/unitreorvieto.it\/index.php?rest_route=\/wp\/v2\/users\/5"}],"replies":[{"embeddable":true,"href":"https:\/\/unitreorvieto.it\/index.php?rest_route=%2Fwp%2Fv2%2Fcomments&post=708"}],"version-history":[{"count":36,"href":"https:\/\/unitreorvieto.it\/index.php?rest_route=\/wp\/v2\/pages\/708\/revisions"}],"predecessor-version":[{"id":2982,"href":"https:\/\/unitreorvieto.it\/index.php?rest_route=\/wp\/v2\/pages\/708\/revisions\/2982"}],"wp:attachment":[{"href":"https:\/\/unitreorvieto.it\/index.php?rest_route=%2Fwp%2Fv2%2Fmedia&parent=708"}],"curies":[{"name":"wp","href":"https:\/\/api.w.org\/{rel}","templated":true}]}}